{"id":116,"date":"2018-02-23T15:13:13","date_gmt":"2018-02-23T14:13:13","guid":{"rendered":"http:\/\/polskanauka.netil.co.pl\/kontakt\/"},"modified":"2022-07-25T08:11:24","modified_gmt":"2022-07-25T06:11:24","slug":"%d0%ba%d0%be%d0%bd%d1%82%d0%b0%d0%ba%d1%82%d1%8b","status":"publish","type":"page","link":"https:\/\/www.polishscience.pl\/ru\/%d0%ba%d0%be%d0%bd%d1%82%d0%b0%d0%ba%d1%82%d1%8b\/","title":{"rendered":"\u041a\u043e\u043d\u0442\u0430\u043a\u0442\u044b"},"content":{"rendered":"<p><strong>FUNDACJA MI\u0118DZYNARODOWEJ WSP\u00d3\u0141PRACY I ROZWOJU<\/strong><\/p>\n<p>ul. Zawojska 47<br \/>\n02-927 Warszawa<\/p>\n<p>KRS: 0000571109<\/p>\n<p>&nbsp;<\/p>\n<h3>\u043e\u0442\u043f\u0440\u0430\u0432\u044c \u0441\u043e\u043e\u0431\u0449\u0435\u043d\u0438\u0435<\/h3>\n<hr \/>\n<div role=\"form\" class=\"wpcf7\" id=\"wpcf7-f2376-o1\" lang=\"pl-PL\" dir=\"ltr\">\n<div class=\"screen-reader-response\"><p role=\"status\" aria-live=\"polite\" aria-atomic=\"true\"><\/p> <ul><\/ul><\/div>\n<form action=\"\/ru\/wp-json\/wp\/v2\/pages\/116#wpcf7-f2376-o1\" method=\"post\" class=\"wpcf7-form init\" novalidate=\"novalidate\" data-status=\"init\">\n<div style=\"display: none;\">\n<input type=\"hidden\" name=\"_wpcf7\" value=\"2376\" \/>\n<input type=\"hidden\" name=\"_wpcf7_version\" value=\"5.5.6.1\" \/>\n<input type=\"hidden\" name=\"_wpcf7_locale\" value=\"pl_PL\" \/>\n<input type=\"hidden\" name=\"_wpcf7_unit_tag\" value=\"wpcf7-f2376-o1\" \/>\n<input type=\"hidden\" name=\"_wpcf7_container_post\" value=\"0\" \/>\n<input type=\"hidden\" name=\"_wpcf7_posted_data_hash\" value=\"\" \/>\n<\/div>\n<div class=\"row\">\n<div class=\"col-12\">\n<div class=\"form-group\">\n            <label for=\"your-name\">\u0438\u043c\u044f, \u0444\u0430\u043c\u0438\u043b\u0438\u044f *<\/label><span class=\"wpcf7-form-control-wrap your-name\"><input type=\"text\" name=\"your-name\" value=\"\" size=\"40\" class=\"wpcf7-form-control wpcf7-text wpcf7-validates-as-required form-control\" id=\"your-name\" aria-required=\"true\" aria-invalid=\"false\" \/><\/span>\n        <\/div>\n<\/div>\n<div class=\"col-12\">\n<div class=\"form-group\">\n            <label for=\"your-email\">\u0430\u0434\u0440\u0435\u0441 \u044d\u043b\u0435\u043a\u0442\u0440\u043e\u043d\u043d\u043e\u0439 \u043f\u043e\u0447\u0442\u044b *<\/label><span class=\"wpcf7-form-control-wrap your-email\"><input type=\"text\" name=\"your-email\" value=\"\" size=\"40\" class=\"wpcf7-form-control wpcf7-text wpcf7-validates-as-required form-control\" id=\"your-email\" aria-required=\"true\" aria-invalid=\"false\" \/><\/span>\n        <\/div>\n<\/div>\n<div class=\"col-12\">\n<div class=\"form-group\">\n            <label for=\"your-subject\">\u0442\u0435\u043c\u0430 \u043f\u0438\u0441\u044c\u043c\u0430 *<\/label><span class=\"wpcf7-form-control-wrap your-subject\"><input type=\"text\" name=\"your-subject\" value=\"\" size=\"40\" class=\"wpcf7-form-control wpcf7-text wpcf7-validates-as-required form-control\" id=\"your-subject\" aria-required=\"true\" aria-invalid=\"false\" \/><\/span>\n        <\/div>\n<\/div>\n<div class=\"col-12\">\n<div class=\"form-group\">\n            <label for=\"your-message\">\u0441\u043e\u043e\u0431\u0449\u0435\u043d\u0438\u0435 *<\/label><span class=\"wpcf7-form-control-wrap your-message\"><textarea name=\"your-message\" cols=\"40\" rows=\"10\" class=\"wpcf7-form-control wpcf7-textarea wpcf7-validates-as-required form-control\" id=\"your-message\" aria-required=\"true\" aria-invalid=\"false\"><\/textarea><\/span>\n        <\/div>\n<\/div>\n<div class=\"col-sm-12\">\n<div class=\"form-group\">\n            <input type=\"submit\" value=\"\u043e\u0442\u043f\u0440\u0430\u0432\u044c \u0441\u043e\u043e\u0431\u0449\u0435\u043d\u0438\u0435\" class=\"wpcf7-form-control has-spinner wpcf7-submit btn btn-primary pull-right\" \/>\n        <\/div>\n<\/div>\n<\/div>\n<div class=\"wpcf7-response-output\" aria-hidden=\"true\"><\/div><\/form><\/div>\n","protected":false},"excerpt":{"rendered":"<p>FUNDACJA MI\u0118DZYNARODOWEJ WSP\u00d3\u0141PRACY I ROZWOJU ul. Zawojska 47 02-927 Warszawa KRS: 0000571109 &nbsp; \u043e\u0442\u043f\u0440\u0430\u0432\u044c \u0441\u043e\u043e\u0431\u0449\u0435\u043d\u0438\u0435<\/p>\n","protected":false},"author":2,"featured_media":0,"parent":0,"menu_order":0,"comment_status":"closed","ping_status":"closed","template":"","meta":[],"_links":{"self":[{"href":"https:\/\/www.polishscience.pl\/ru\/wp-json\/wp\/v2\/pages\/116"}],"collection":[{"href":"https:\/\/www.polishscience.pl\/ru\/wp-json\/wp\/v2\/pages"}],"about":[{"href":"https:\/\/www.polishscience.pl\/ru\/wp-json\/wp\/v2\/types\/page"}],"author":[{"embeddable":true,"href":"https:\/\/www.polishscience.pl\/ru\/wp-json\/wp\/v2\/users\/2"}],"replies":[{"embeddable":true,"href":"https:\/\/www.polishscience.pl\/ru\/wp-json\/wp\/v2\/comments?post=116"}],"version-history":[{"count":0,"href":"https:\/\/www.polishscience.pl\/ru\/wp-json\/wp\/v2\/pages\/116\/revisions"}],"wp:attachment":[{"href":"https:\/\/www.polishscience.pl\/ru\/wp-json\/wp\/v2\/media?parent=116"}],"curies":[{"name":"wp","href":"https:\/\/api.w.org\/{rel}","templated":true}]}}