{"id":99,"date":"2018-02-23T15:13:03","date_gmt":"2018-02-23T14:13:03","guid":{"rendered":"http:\/\/polskanauka.netil.co.pl\/ueber-die-website\/"},"modified":"2018-03-07T16:41:25","modified_gmt":"2018-03-07T15:41:25","slug":"sobre-o-sitio","status":"publish","type":"page","link":"https:\/\/www.polishscience.pl\/pt-pt\/sobre-o-sitio\/","title":{"rendered":"Sobre o s\u00edtio"},"content":{"rendered":"<p><strong><span lang=\"PT\">POLISH SCIENCE \u00e9 uma plataforma de informa\u00e7\u00e3o universal e multilingue (no polaco e nas oito l\u00ednguas mais populares do mundo) que se dedica \u00e0 promo\u00e7\u00e3o internacional da ci\u00eancia polaca a escala global, atrav\u00e9s de um servi\u00e7o de informa\u00e7\u00e3o dedicado que tenha car\u00e1ter da ag\u00eancia.<\/span> As informa\u00e7\u00f5es de car\u00e1ter de ag\u00eancia est\u00e3o dispon\u00edveis gratuitamente para os m\u00e9dios de comunica\u00e7\u00e3o, portais web, ag\u00eancias de not\u00edcias locais e internacionais.<\/strong><\/p>\n<p>A plataforma cria uma base \u00fanica da atividade e promo\u00e7\u00e3o da ci\u00eancia polaca nas l\u00ednguas mais populares do mundo. Tamb\u00e9m oferece uma oportunidade para promover a atividade do ensino superior, pr\u00e9mios e conquistas dos cientistas polacos, as atividades do Minist\u00e9rio da Ci\u00eancia e Ensino Superior (incluindo bolsas, competi\u00e7\u00f5es e trabalho legislativo).<\/p>\n<p>O efeito da divulga\u00e7\u00e3o das conquistas da ci\u00eancia polaca ser\u00e1 alcan\u00e7ado gra\u00e7as a:<\/p>\n<ul>\n<li>Multilinguismo<\/li>\n<li>Natureza sistem\u00e1tica<\/li>\n<li>Complexidade<\/li>\n<\/ul>\n<p><strong>POLISH SCIENCE significa:<\/strong><\/p>\n<ul>\n<li>Informa\u00e7\u00f5es sobre os eventos e atividades do Minist\u00e9rio da Ci\u00eancia e as suas unidades subordinadas; unidades de pesquisa e desenvolvimento, universidades;<\/li>\n<li>Informa\u00e7\u00f5es sobre os pr\u00e9mios, concursos, eventos organizados na Pol\u00f3nia e no mundo com a participa\u00e7\u00e3o dos cientistas polacos;<\/li>\n<li>Descri\u00e7\u00f5es sint\u00e9ticas de boas pr\u00e1ticas: associar ci\u00eancia \u00e0 economia; o uso apropriado dos recursos p\u00fablicos alocados \u00e0 inova\u00e7\u00e3o;<\/li>\n<li>Informa\u00e7\u00f5es sobre os programas de pesquisa, especialmente nas quais se assume uma participa\u00e7\u00e3o de entidades estrangeiras;<\/li>\n<li>Informa\u00e7\u00e3o sobre os eventos, semin\u00e1rios e congressos cient\u00edficos de grande import\u00e2ncia para a ci\u00eancia,<\/li>\n<li>Informa\u00e7\u00f5es que popularizam a atratividade dos estudantes e pesquisadores estrangeiros nas universidades polacas.<\/li>\n<\/ul>\n<p>A ideia b\u00e1sica da plataforma, que a distingue das agencias de not\u00edcias t\u00edpicas, consiste em colocar nos textos hyperlinks de p\u00e1ginas web de entidades e universidades, o que permite o acesso \u00e0s suas pr\u00f3prias not\u00edcias; al\u00e9m de fornecer o nome e as informa\u00e7\u00f5es de contacto das pessoas que possam proporcionar mais detalhes.<\/p>\n<p>A plataforma POLISH SCIENCE \u00e9 financiada no \u00e2mbito do programa &#8220;Di\u00e1logo&#8221; do Minist\u00e9rio da Ci\u00eancia e do Ensino Superior.<\/p>\n","protected":false},"excerpt":{"rendered":"<p>POLISH SCIENCE \u00e9 uma plataforma de informa\u00e7\u00e3o universal e multilingue (no polaco e nas oito l\u00ednguas mais populares do mundo) que se dedica \u00e0 promo\u00e7\u00e3o internacional da ci\u00eancia polaca a escala global, atrav\u00e9s de um servi\u00e7o de informa\u00e7\u00e3o dedicado que tenha car\u00e1ter da ag\u00eancia. As informa\u00e7\u00f5es de car\u00e1ter de ag\u00eancia est\u00e3o dispon\u00edveis gratuitamente para os [&hellip;]<\/p>\n","protected":false},"author":2,"featured_media":0,"parent":0,"menu_order":0,"comment_status":"closed","ping_status":"closed","template":"","meta":[],"_links":{"self":[{"href":"https:\/\/www.polishscience.pl\/pt-pt\/wp-json\/wp\/v2\/pages\/99"}],"collection":[{"href":"https:\/\/www.polishscience.pl\/pt-pt\/wp-json\/wp\/v2\/pages"}],"about":[{"href":"https:\/\/www.polishscience.pl\/pt-pt\/wp-json\/wp\/v2\/types\/page"}],"author":[{"embeddable":true,"href":"https:\/\/www.polishscience.pl\/pt-pt\/wp-json\/wp\/v2\/users\/2"}],"replies":[{"embeddable":true,"href":"https:\/\/www.polishscience.pl\/pt-pt\/wp-json\/wp\/v2\/comments?post=99"}],"version-history":[{"count":0,"href":"https:\/\/www.polishscience.pl\/pt-pt\/wp-json\/wp\/v2\/pages\/99\/revisions"}],"wp:attachment":[{"href":"https:\/\/www.polishscience.pl\/pt-pt\/wp-json\/wp\/v2\/media?parent=99"}],"curies":[{"name":"wp","href":"https:\/\/api.w.org\/{rel}","templated":true}]}}