{"id":72,"date":"2018-02-23T15:13:03","date_gmt":"2018-02-23T14:13:03","guid":{"rendered":"http:\/\/polskanauka.netil.co.pl\/?page_id=72"},"modified":"2020-04-22T08:00:37","modified_gmt":"2020-04-22T06:00:37","slug":"o-serwisie","status":"publish","type":"page","link":"https:\/\/www.polishscience.pl\/pl\/o-serwisie\/","title":{"rendered":"O Serwisie"},"content":{"rendered":"<p><strong>POLISH SCIENCE to uniwersalna, wieloj\u0119zyczna (w j\u0119zyku polskim oraz o\u015bmiu najpopularniejszych j\u0119zykach \u015bwiata) platforma informacyjna po\u015bwi\u0119cona mi\u0119dzynarodowej promocji polskiej nauki o zasi\u0119gu globalnym, realizowana przy pomocy dedykowanego, agencyjnego serwisu informacyjnego. Informacje w formie agencyjnej udost\u0119pniane s\u0105 nieodp\u0142atnie mediom, portalom oraz lokalnym i mi\u0119dzynarodowym agencjom informacyjnym w Polsce i na ca\u0142ym \u015bwiecie.<\/strong><\/p>\n<p>Serwis stwarza unikaln\u0105 baz\u0119 aktywno\u015bci i promocji polskiej nauki, w najbardziej popularnych na \u015bwiecie j\u0119zykach narodowych. Daje r\u00f3wnie\u017c okazj\u0119 do wypromowania aktywno\u015bci szkolnictwa wy\u017cszego, osi\u0105gni\u0119\u0107 i nagr\u00f3d zdobywanych przez polskich naukowc\u00f3w, dzia\u0142alno\u015bci Ministerstwa Nauki i Szkolnictwa Wy\u017cszego (w tym grant\u00f3w, konkurs\u00f3w, prac legislacyjnych).<\/p>\n<p>Efekt upowszechnienia dokona\u0144 polskiej nauki zostanie osi\u0105gni\u0119ty dzi\u0119ki:<\/p>\n<ul>\n<li>wieloj\u0119zyczno\u015bci<\/li>\n<li>systematyczno\u015bci<\/li>\n<li>kompleksowo\u015bci<\/li>\n<\/ul>\n<p><strong>POLISH SCIENCE to:<\/strong><\/p>\n<ul>\n<li>informacje o wydarzeniach i aktywno\u015bciach ministerstwa, jego jednostek podleg\u0142ych, jednostek badawczo rozwojowych, uczelni wy\u017cszych,<\/li>\n<li>informacje o nagrodach, konkursach, wydarzeniach organizowanych w Polsce oraz takich, w kt\u00f3rych polska nauka \/ naukowcy bior\u0105 udzia\u0142,<\/li>\n<li>syntetyczne opisy dobrych praktyk &#8211; kojarzenia nauki z gospodarka\u0328, w\u0142a\u015bciwego wykorzystania przyznawanych \u015brodk\u00f3w publicznych na innowacyjno\u015b\u0107,<\/li>\n<li>informacje o programach badawczych, szczeg\u00f3lnie takich, w kt\u00f3rych udzia\u0142 podmiot\u00f3w zagranicznych jest zak\u0142adany,<\/li>\n<li>informacje z imprez, seminari\u00f3w, kongres\u00f3w naukowych o szczeg\u00f3lnym znaczeniu dla nauki,<\/li>\n<li>informacje popularyzuj\u0105ce atrakcyjno\u015b\u0107 dla student\u00f3w i badaczy zagranicznych polskich uczelni wy\u017cszych<\/li>\n<\/ul>\n<p>Podstawowym za\u0142o\u017ceniem przygotowywanego serwisu odr\u00f3\u017cniaj\u0105cym go od typowych serwis\u00f3w newsowych jest umieszczanie linko\u0301w elektronicznych do dokument\u00f3w \u017ar\u00f3d\u0142owych, stron internetowych jednostek, uczelni oraz ich w\u0142asnych lokalnych serwis\u00f3w informacyjnych, ew. kontakt\u00f3w do os\u00f3b odpowiedzialnych lub mog\u0105cych udzieli\u0107 dalszych szczeg\u00f3\u0142owych informacji.<\/p>\n<p>Serwis POLISH SCIENCE finansowany jest w ramach programu &#8222;Dialog&#8221; Ministerstwa Nauki i Szkolnictwa Wy\u017cszego.<\/p>\n<p>Redaktor wydania: Micha\u0142 Fr\u0105ckowiak<\/p>\n<hr \/>\n<p><a href=\"http:\/\/polishscience.pl\/white-paper-on-polish-science-en.pdf\" target=\"_blank\" rel=\"noopener\">White Paper &#8211; On Polish Science &#8211; 2018-2020 (EN)<\/a><\/p>\n<p>&nbsp;<\/p>\n","protected":false},"excerpt":{"rendered":"<p>POLISH SCIENCE to uniwersalna, wieloj\u0119zyczna (w j\u0119zyku polskim oraz o\u015bmiu najpopularniejszych j\u0119zykach \u015bwiata) platforma informacyjna po\u015bwi\u0119cona mi\u0119dzynarodowej promocji polskiej nauki o zasi\u0119gu globalnym, realizowana przy pomocy dedykowanego, agencyjnego serwisu informacyjnego. Informacje w formie agencyjnej udost\u0119pniane s\u0105 nieodp\u0142atnie mediom, portalom oraz lokalnym i mi\u0119dzynarodowym agencjom informacyjnym w Polsce i na ca\u0142ym \u015bwiecie. Serwis stwarza unikaln\u0105 baz\u0119 [&hellip;]<\/p>\n","protected":false},"author":2,"featured_media":0,"parent":0,"menu_order":0,"comment_status":"closed","ping_status":"closed","template":"","meta":[],"_links":{"self":[{"href":"https:\/\/www.polishscience.pl\/pl\/wp-json\/wp\/v2\/pages\/72"}],"collection":[{"href":"https:\/\/www.polishscience.pl\/pl\/wp-json\/wp\/v2\/pages"}],"about":[{"href":"https:\/\/www.polishscience.pl\/pl\/wp-json\/wp\/v2\/types\/page"}],"author":[{"embeddable":true,"href":"https:\/\/www.polishscience.pl\/pl\/wp-json\/wp\/v2\/users\/2"}],"replies":[{"embeddable":true,"href":"https:\/\/www.polishscience.pl\/pl\/wp-json\/wp\/v2\/comments?post=72"}],"version-history":[{"count":0,"href":"https:\/\/www.polishscience.pl\/pl\/wp-json\/wp\/v2\/pages\/72\/revisions"}],"wp:attachment":[{"href":"https:\/\/www.polishscience.pl\/pl\/wp-json\/wp\/v2\/media?parent=72"}],"curies":[{"name":"wp","href":"https:\/\/api.w.org\/{rel}","templated":true}]}}