{"id":95,"date":"2018-02-23T15:13:03","date_gmt":"2018-02-23T14:13:03","guid":{"rendered":"http:\/\/polskanauka.netil.co.pl\/%e5%85%b3%e4%ba%8e%e8%af%a5%e7%bd%91%e7%ab%99\/"},"modified":"2018-03-07T08:24:27","modified_gmt":"2018-03-07T07:24:27","slug":"au-sujet-de-nous","status":"publish","type":"page","link":"https:\/\/www.polishscience.pl\/fr\/au-sujet-de-nous\/","title":{"rendered":"Au sujet de nous"},"content":{"rendered":"<p><strong>La POLISH SCIENCE est une plateforme d&rsquo;information universelle, multilingue (en polonais et dans huit langues les plus populaires du monde) consacr\u00e9e \u00e0 la promotion internationale de la science polonaise sur le plan global, r\u00e9alis\u00e9e avec l&rsquo;aide d&rsquo;un service d&rsquo;information d\u00e9di\u00e9 et bas\u00e9 sur des agences.\u00a0Les informations sous forme d&rsquo;agence sont mises gratuitement \u00e0 la disposition des m\u00e9dias, des portails et des agences d&rsquo;information locales et internationales en Pologne et dans le monde entier.<\/strong><\/p>\n<p>Le site web cr\u00e9e une base de donn\u00e9es unique d&rsquo;activit\u00e9s et de promotion de l&rsquo;\u00e9ducation polonaise dans les langues nationales les plus populaires au monde.Il offre \u00e9galement des possibilit\u00e9s de promouvoir les activit\u00e9s de l&rsquo;enseignement sup\u00e9rieur, d&rsquo;atteindre et de r\u00e9compenser les activit\u00e9s du Minist\u00e8re de la Recherche Scientifique et de l&rsquo;Enseignement Sup\u00e9rieur \u2013 Ministerstwo Nauki i Szkolnictwa Wy\u017cszego (bourses, concours, travaux l\u00e9gislatifs, etc&#8230;).<\/p>\n<p>L&rsquo;effet de la diffusion des acquis de l&rsquo;\u00e9dcation polonaise sera atteint gr\u00e2ce aux crit\u00e8res suivants:<\/p>\n<ul>\n<li>le multilinguisme<\/li>\n<li>la r\u00e9gularit\u00e9<\/li>\n<li>la complexit\u00e9<\/li>\n<\/ul>\n<p><strong>La POLISH SCIENCE est \u00e9galement compos\u00e9e:<\/strong><\/p>\n<ul>\n<li>des informations sur les \u00e9venements et les activit\u00e9s du Minist\u00e8re, de ses unit\u00e9s subordonn\u00e9es, des unit\u00e9s de recherche et de d\u00e9veloppement, les universit\u00e9s d&rsquo;enseignement sup\u00e9rieur,<\/li>\n<li>des informations sur le prix, les concours, les \u00e9venements organis\u00e9s en Pologne et ceux auxquels partipent les scientifques polonais,<\/li>\n<li>de la description synth\u00e9tique des bonnes pratiques \u2013 Assoscier la science \u00e0 l&rsquo;\u00e9conomie, du bon usage des fonds publics allou\u00e9s \u00e0 l&rsquo;innovation,<\/li>\n<li>des informations sur les programmes de recherche, en particulier ceux dans lesquels dess entit\u00e9s \u00e9trang\u00e8res sont \u00e9tablies,<\/li>\n<li>des informations provenant des manifestations, s\u00e9minaires, congr\u00e8s scientifiques d&rsquo;une importance particuli\u00e8re pour l&rsquo;\u00e9ducation,<\/li>\n<li>des informations vulgarisant des informations attrayantes pour les \u00e9tudiants et les chercheurs des universit\u00e9s \u00e9trang\u00e8res et des \u00e9coles sup\u00e9rieures polonaises.<\/li>\n<\/ul>\n<p>La condition principale pour le service pr\u00e9vu, qui consiste en des services d&rsquo;information typiques, est de placer des liens \u00e9lectroniques vers les sites web des unit\u00e9s, des universit\u00e9s et de leurs propres services d&rsquo;information locaux \u00e9ventuellement en contactant le responsable en mesure de fournir des informations plus d\u00e9taill\u00e9es.<\/p>\n<p>Le service Polish Science est financ\u00e9 au titre du programme \u00ab\u00a0Dialogue\u00a0\u00bb du Minist\u00e8re de la Recherche Scientifique et de l&rsquo;Enseignement Sup\u00e9rieur.<\/p>\n","protected":false},"excerpt":{"rendered":"<p>La POLISH SCIENCE est une plateforme d&rsquo;information universelle, multilingue (en polonais et dans huit langues les plus populaires du monde) consacr\u00e9e \u00e0 la promotion internationale de la science polonaise sur le plan global, r\u00e9alis\u00e9e avec l&rsquo;aide d&rsquo;un service d&rsquo;information d\u00e9di\u00e9 et bas\u00e9 sur des agences.\u00a0Les informations sous forme d&rsquo;agence sont mises gratuitement \u00e0 la disposition [&hellip;]<\/p>\n","protected":false},"author":2,"featured_media":0,"parent":0,"menu_order":0,"comment_status":"closed","ping_status":"closed","template":"","meta":[],"_links":{"self":[{"href":"https:\/\/www.polishscience.pl\/fr\/wp-json\/wp\/v2\/pages\/95"}],"collection":[{"href":"https:\/\/www.polishscience.pl\/fr\/wp-json\/wp\/v2\/pages"}],"about":[{"href":"https:\/\/www.polishscience.pl\/fr\/wp-json\/wp\/v2\/types\/page"}],"author":[{"embeddable":true,"href":"https:\/\/www.polishscience.pl\/fr\/wp-json\/wp\/v2\/users\/2"}],"replies":[{"embeddable":true,"href":"https:\/\/www.polishscience.pl\/fr\/wp-json\/wp\/v2\/comments?post=95"}],"version-history":[{"count":0,"href":"https:\/\/www.polishscience.pl\/fr\/wp-json\/wp\/v2\/pages\/95\/revisions"}],"wp:attachment":[{"href":"https:\/\/www.polishscience.pl\/fr\/wp-json\/wp\/v2\/media?parent=95"}],"curies":[{"name":"wp","href":"https:\/\/api.w.org\/{rel}","templated":true}]}}