{"id":103,"date":"2018-02-23T15:13:03","date_gmt":"2018-02-23T14:13:03","guid":{"rendered":"http:\/\/polskanauka.netil.co.pl\/%d0%be-%d1%81%d0%b0%d0%b9%d1%82%d0%b5\/"},"modified":"2018-03-07T16:40:49","modified_gmt":"2018-03-07T15:40:49","slug":"sobre-el-sitio","status":"publish","type":"page","link":"https:\/\/www.polishscience.pl\/es\/sobre-el-sitio\/","title":{"rendered":"Sobre el sitio"},"content":{"rendered":"<p><strong><span lang=\"ES\">POLISH SCIENCE es una plataforma de informaci\u00f3n universal, multiling\u00fce (en polaco y en los ocho idiomas m\u00e1s populares del mundo) que se entrega a la promoci\u00f3n internacional de la ciencia polaca a escala global mediante un servicio de informaci\u00f3n dedicado que tenga el car\u00e1cter de agencia.<\/span> Las informaciones de car\u00e1cter de agencia est\u00e1n disponibles a t\u00edtulo gratuito a los medios de comunicaci\u00f3n, portales web, agencias de noticias locales e internacionales.<\/strong><\/p>\n<p>La plataforma crea una base \u00fanica de actividad y promoci\u00f3n de la ciencia polaca en los idiomas m\u00e1s populares del mundo. Tambi\u00e9n proporciona una oportunidad para promover la actividad de educaci\u00f3n superior, premios y logros obtenidos por los cient\u00edficos polacos, las actividades del Ministerio de Ciencia e Educaci\u00f3n Superior (incluido las subvenciones, concursos y trabajo legislativo).<\/p>\n<p>El efecto de la difusi\u00f3n de los logros de la ciencia polaca se lograr\u00e1 gracias a:<\/p>\n<ul>\n<li>Multiling\u00fcismo<\/li>\n<li>Car\u00e1cter sistem\u00e1tico<\/li>\n<li>Complejidad<\/li>\n<\/ul>\n<p><strong>POLISH SCIENCE significa:<\/strong><\/p>\n<ul>\n<li>Informaci\u00f3n sobre los eventos y actividades del ministerio, sus unidades subordinadas, unidades de investigaci\u00f3n y desarrollo, universidades,<\/li>\n<li>Informaci\u00f3n sobre premios, concursos, eventos organizados en Polonia y en los que participan cient\u00edficos polacos,<\/li>\n<li>Descripciones sint\u00e9ticas de buenas pr\u00e1cticas: asociar la ciencia con la econom\u00eda, el uso adecuado de los fondos p\u00fablicos asignados a la innovaci\u00f3n,<\/li>\n<li>Informaci\u00f3n sobre programas de investigaci\u00f3n, especialmente aquellos en los que se supone la participaci\u00f3n de entidades extranjeras,<\/li>\n<li>Informaci\u00f3n de eventos, seminarios, congresos cient\u00edficos de gran importancia para la ciencia,<\/li>\n<li>Informaci\u00f3n que populariza lo atractivo para estudiantes e investigadores extranjeros en universidades polacas<\/li>\n<\/ul>\n<p>La idea b\u00e1sica de la plataforma, que la distingue de las p\u00e1ginas web de noticias t\u00edpicos, consiste en colocar de hiperenlaces a los textos b\u00e1sicos y fuentes, p\u00e1ginas web de entidades, universidades y sus propias noticias locales, bien como facilitar nombre y datos de contacto de las personas que puedan proporcionar m\u00e1s detalles.<\/p>\n<p>La plataforma POLISH SCIENCE es financiado en el marco del programa \u00abDi\u00e1logo\u00bb del Ministerio de Ciencia e Educaci\u00f3n Superior.<\/p>\n","protected":false},"excerpt":{"rendered":"<p>POLISH SCIENCE es una plataforma de informaci\u00f3n universal, multiling\u00fce (en polaco y en los ocho idiomas m\u00e1s populares del mundo) que se entrega a la promoci\u00f3n internacional de la ciencia polaca a escala global mediante un servicio de informaci\u00f3n dedicado que tenga el car\u00e1cter de agencia. Las informaciones de car\u00e1cter de agencia est\u00e1n disponibles a [&hellip;]<\/p>\n","protected":false},"author":2,"featured_media":0,"parent":0,"menu_order":0,"comment_status":"closed","ping_status":"closed","template":"","meta":[],"_links":{"self":[{"href":"https:\/\/www.polishscience.pl\/es\/wp-json\/wp\/v2\/pages\/103"}],"collection":[{"href":"https:\/\/www.polishscience.pl\/es\/wp-json\/wp\/v2\/pages"}],"about":[{"href":"https:\/\/www.polishscience.pl\/es\/wp-json\/wp\/v2\/types\/page"}],"author":[{"embeddable":true,"href":"https:\/\/www.polishscience.pl\/es\/wp-json\/wp\/v2\/users\/2"}],"replies":[{"embeddable":true,"href":"https:\/\/www.polishscience.pl\/es\/wp-json\/wp\/v2\/comments?post=103"}],"version-history":[{"count":0,"href":"https:\/\/www.polishscience.pl\/es\/wp-json\/wp\/v2\/pages\/103\/revisions"}],"wp:attachment":[{"href":"https:\/\/www.polishscience.pl\/es\/wp-json\/wp\/v2\/media?parent=103"}],"curies":[{"name":"wp","href":"https:\/\/api.w.org\/{rel}","templated":true}]}}