{"id":97,"date":"2018-02-23T15:13:03","date_gmt":"2018-02-23T14:13:03","guid":{"rendered":"http:\/\/polskanauka.netil.co.pl\/a-propos-du-site\/"},"modified":"2018-03-08T20:34:37","modified_gmt":"2018-03-08T19:34:37","slug":"ueber-uns","status":"publish","type":"page","link":"https:\/\/www.polishscience.pl\/de\/ueber-uns\/","title":{"rendered":"\u00dcber uns"},"content":{"rendered":"<p><strong>POLISH SCIENCE ist eine universelle, mehrsprachige (in polnischer Sprache und acht popul\u00e4rsten Weltsprachen) Informationsplattform, die die internationale F\u00f6rderung der polnischen Wissenschaft weltweit zum Ziel hat und in Form eines dedizierten Agentur-Informationsdienstes realisiert wird. Die Agenturmeldungen werden kostenlos Medien, Portalen sowie lokalen und internationalen Nachrichtenagenturen in Polen und weltweit zur Verf\u00fcgung gestellt.<\/strong><\/p>\n<p>Die Webseite schafft eine einmalige Datenbank der Aktivit\u00e4t und der F\u00f6rderung der polnischen Wissenschaft und stellt sie in acht popul\u00e4rsten Weltsprachen zur Verf\u00fcgung. Sie bietet auch die Gelegenheit, die Aktivit\u00e4t der Hochschulen, Leistungen und Preiskr\u00f6nungen der polnischen Wissenschaftler sowie die T\u00e4tigkeit des polnischen Ministeriums f\u00fcr Wissenschaft und Hochschulbildung (u.a. Zusch\u00fcsse, Wettbewerbe, legislative T\u00e4tigkeit) zu verbreiten.<\/p>\n<p>Die Verbreitung von Leistungen der polnischen Wissenschaft soll durch:<\/p>\n<ul>\n<li>Mehrsprachigkeit<\/li>\n<li>Systematik<\/li>\n<li>Ganzheitlichkeit<\/li>\n<\/ul>\n<p>erreicht werden.<\/p>\n<p><strong>POLISH SCIENCE bietet:<\/strong><\/p>\n<ul>\n<li>Angaben \u00fcber Veranstaltungen und Aktivit\u00e4ten des Ministeriums, der dem Ministerium unterstellten Einheiten, Forschungs- und Entwicklungseinrichtungen und der Hochschulen,<\/li>\n<li>Auskunft \u00fcber Preise, Wettbewerbe, Veranstaltungen, die in Polen organisiert werden oder an denen polnische Wissenschaft\/ polnische Wissenschaftler teilnehmen,<\/li>\n<li>Zusammenfassende Beschreibungen der guten Praktiken, des Verkn\u00fcpfens der Wissenschaft mit der Wirtschaft, des richtigen Verbrauchs \u00f6ffentlicher Mittel f\u00fcr Innovationen,<\/li>\n<li>Information \u00fcber Forschungsprogramme, insbesondere solche, an denen man die Teilnahme ausl\u00e4ndischer Unternehmen vorsieht,<\/li>\n<li>Berichte aus Veranstaltungen, Seminaren, wissenschaftlichen Kongressen von besonderer Bedeutung f\u00fcr die Wissenschaft,<\/li>\n<li>Informationen, die die Attraktivit\u00e4t der polnischen Hochschulen unter ausl\u00e4ndischen Studenten und Wissenschaftlern erh\u00f6hen.<\/li>\n<\/ul>\n<p>Das Spezifische an dieser Webseite besteht darin, dass jeweils Hyperlinks auf die Ausgangsdokumente, Internetseiten der Einrichtungen, Hochschulen oder ihre eigenen lokalen Internetseiten platziert, eventuell Kontaktangaben der zust\u00e4ndigen Personen oder Personen, die ausf\u00fchrliche Informationen erteilen k\u00f6nnen, angegeben werden.<\/p>\n<p>Die Internetseite POLISH SCIENCE ist im Rahmen des Programms \u201eDialog\u201c des Ministeriums f\u00fcr Wissenschaft und Hochschulbildung finanziert.<\/p>\n","protected":false},"excerpt":{"rendered":"<p>POLISH SCIENCE ist eine universelle, mehrsprachige (in polnischer Sprache und acht popul\u00e4rsten Weltsprachen) Informationsplattform, die die internationale F\u00f6rderung der polnischen Wissenschaft weltweit zum Ziel hat und in Form eines dedizierten Agentur-Informationsdienstes realisiert wird. Die Agenturmeldungen werden kostenlos Medien, Portalen sowie lokalen und internationalen Nachrichtenagenturen in Polen und weltweit zur Verf\u00fcgung gestellt. Die Webseite schafft eine [&hellip;]<\/p>\n","protected":false},"author":2,"featured_media":0,"parent":0,"menu_order":0,"comment_status":"closed","ping_status":"closed","template":"","meta":[],"_links":{"self":[{"href":"https:\/\/www.polishscience.pl\/de\/wp-json\/wp\/v2\/pages\/97"}],"collection":[{"href":"https:\/\/www.polishscience.pl\/de\/wp-json\/wp\/v2\/pages"}],"about":[{"href":"https:\/\/www.polishscience.pl\/de\/wp-json\/wp\/v2\/types\/page"}],"author":[{"embeddable":true,"href":"https:\/\/www.polishscience.pl\/de\/wp-json\/wp\/v2\/users\/2"}],"replies":[{"embeddable":true,"href":"https:\/\/www.polishscience.pl\/de\/wp-json\/wp\/v2\/comments?post=97"}],"version-history":[{"count":0,"href":"https:\/\/www.polishscience.pl\/de\/wp-json\/wp\/v2\/pages\/97\/revisions"}],"wp:attachment":[{"href":"https:\/\/www.polishscience.pl\/de\/wp-json\/wp\/v2\/media?parent=97"}],"curies":[{"name":"wp","href":"https:\/\/api.w.org\/{rel}","templated":true}]}}